{"id":5673,"date":"2023-09-01T09:11:29","date_gmt":"2023-09-01T07:11:29","guid":{"rendered":"https:\/\/ch.unitedorthopedic.com\/?page_id=5673"},"modified":"2024-05-07T09:40:55","modified_gmt":"2024-05-07T07:40:55","slug":"politique-de-confidentialite","status":"publish","type":"page","link":"https:\/\/be.unitedorthopedic.com\/fr\/politique-de-confidentialite\/","title":{"rendered":"Politique de confidentialit\u00e9"},"content":{"rendered":"<div id='av_section_1'  class='avia-section av-eyj3d-884ca975e17fe50b107f4ad7733faf5a main_color avia-section-default avia-no-border-styling  avia-builder-el-0  avia-builder-el-no-sibling  avia-bg-style-scroll container_wrap sidebar_right'  ><div class='container av-section-cont-open' ><main  role=\"main\" itemprop=\"mainContentOfPage\"  class='template-page content  av-content-small alpha units'><div class='post-entry post-entry-type-page post-entry-5673'><div class='entry-content-wrapper clearfix'>\n<div  class='flex_column av-22ry8p-4451bfcde5eec102a79e2490502f4b7d av_one_full  avia-builder-el-1  avia-builder-el-no-sibling  first flex_column_div  '     ><p>\n<style type=\"text\/css\" data-created_by=\"avia_inline_auto\" id=\"style-css-av-lm097j6t-5b2cb881e26615d0112fb50d483acec9\">\n.avia-image-container.av-lm097j6t-5b2cb881e26615d0112fb50d483acec9 img.avia_image{\nbox-shadow:none;\n}\n.avia-image-container.av-lm097j6t-5b2cb881e26615d0112fb50d483acec9 .av-image-caption-overlay-center{\ncolor:#ffffff;\n}\n<\/style>\n<div  class='avia-image-container av-lm097j6t-5b2cb881e26615d0112fb50d483acec9 av-styling- avia-align-center  avia-builder-el-2  el_before_av_heading  avia-builder-el-first '   itemprop=\"image\" itemscope=\"itemscope\" itemtype=\"https:\/\/schema.org\/ImageObject\" ><div class=\"avia-image-container-inner\"><div class=\"avia-image-overlay-wrap\"><img decoding=\"async\" fetchpriority=\"high\" class='wp-image-5074 avia-img-lazy-loading-not-5074 avia_image ' src=\"https:\/\/be.unitedorthopedic.com\/wp\/wp-content\/uploads\/2021\/01\/logo-seul.png\" alt='' title='Logo Seul'  height=\"200\" width=\"200\"  itemprop=\"thumbnailUrl\" srcset=\"https:\/\/be.unitedorthopedic.com\/wp\/wp-content\/uploads\/2021\/01\/logo-seul.png 200w, https:\/\/be.unitedorthopedic.com\/wp\/wp-content\/uploads\/2021\/01\/logo-seul-80x80.png 80w, https:\/\/be.unitedorthopedic.com\/wp\/wp-content\/uploads\/2021\/01\/logo-seul-36x36.png 36w, https:\/\/be.unitedorthopedic.com\/wp\/wp-content\/uploads\/2021\/01\/logo-seul-180x180.png 180w\" sizes=\"(max-width: 200px) 100vw, 200px\" \/><\/div><\/div><\/div><br \/>\n\n<style type=\"text\/css\" data-created_by=\"avia_inline_auto\" id=\"style-css-av-lm096ncb-107fdbb448a4f2c5caed5f24d5339206\">\n#top .av-special-heading.av-lm096ncb-107fdbb448a4f2c5caed5f24d5339206{\npadding-bottom:10px;\n}\nbody .av-special-heading.av-lm096ncb-107fdbb448a4f2c5caed5f24d5339206 .av-special-heading-tag .heading-char{\nfont-size:25px;\n}\n.av-special-heading.av-lm096ncb-107fdbb448a4f2c5caed5f24d5339206 .av-subheading{\nfont-size:15px;\n}\n<\/style>\n<div  class='av-special-heading av-lm096ncb-107fdbb448a4f2c5caed5f24d5339206 av-special-heading-h2 blockquote modern-quote modern-centered  avia-builder-el-3  el_after_av_image  el_before_av_textblock '><h2 class='av-special-heading-tag'  itemprop=\"headline\"  >Politique de Confidentialit\u00e9<\/h2><div class=\"special-heading-border\"><div class=\"special-heading-inner-border\"><\/div><\/div><\/div><br \/>\n<section  class='av_textblock_section av-lm096hrq-656011c0b78a1a5e03bdd018547cd2cc '   itemscope=\"itemscope\" itemtype=\"https:\/\/schema.org\/CreativeWork\" ><div class='avia_textblock'  itemprop=\"text\" ><p>Cette politique de confidentialit\u00e9 d\u00e9finit la mani\u00e8re dont <a href=\"https:\/\/be.unitedorthopedic.com\">https:\/\/be.unitedorthopedic.com<\/a> utilise et prot\u00e8ge toutes les informations que vous donnez \u00e0 <a href=\"https:\/\/be.unitedorthopedic.com\">https:\/\/be.unitedorthopedic.com<\/a> lorsque vous utilisez ce site web. <a href=\"https:\/\/be.unitedorthopedic.com\">https:\/\/be.unitedorthopedic.com<\/a> s&rsquo;engage \u00e0 garantir que votre vie priv\u00e9e est prot\u00e9g\u00e9e. Si nous vous demandons de fournir certaines informations par lesquelles vous pouvez \u00eatre identifi\u00e9 lors de l&rsquo;utilisation de ce site web, vous pouvez \u00eatre assur\u00e9 qu&rsquo;elles ne seront utilis\u00e9es que conform\u00e9ment \u00e0 cette d\u00e9claration de confidentialit\u00e9. <a href=\"https:\/\/be.unitedorthopedic.com\">https:\/\/be.unitedorthopedic.com<\/a> peut changer cette politique de temps en temps en mettant \u00e0 jour cette page. Vous devriez v\u00e9rifier cette page de temps en temps pour vous assurer que vous \u00eates satisfait de tout changement.<\/p>\n<h2>Ce que nous collectons<\/h2>\n<p>Nous pouvons collecter les informations suivantes :<\/p>\n<ul>\n<li>Nom<\/li>\n<li>Informations de contact, y compris l&rsquo;adresse \u00e9lectronique<\/li>\n<li>Informations d\u00e9mographiques telles que le code postal, les pr\u00e9f\u00e9rences et les int\u00e9r\u00eats<\/li>\n<li>Autres informations pertinentes pour les enqu\u00eates clients<\/li>\n<\/ul>\n<h2>Ce que nous faisons avec les informations que nous recueillons<\/h2>\n<p>Nous avons besoin de ces informations pour comprendre vos besoins et vous fournir un meilleur service, et en particulier pour les raisons suivantes :<\/p>\n<ul>\n<li>Tenue de dossiers internes.<\/li>\n<li>Nous pouvons utiliser les informations pour am\u00e9liorer nos produits et services.<\/li>\n<\/ul>\n<h2>S\u00e9curit\u00e9<\/h2>\n<p>Nous nous engageons \u00e0 garantir la s\u00e9curit\u00e9 de vos informations. Afin de pr\u00e9venir tout acc\u00e8s ou divulgation non autoris\u00e9s, nous avons mis en place des proc\u00e9dures physiques, \u00e9lectroniques et manag\u00e9riales appropri\u00e9es pour sauvegarder et s\u00e9curiser les informations que nous recueillons en ligne.<\/p>\n<h2>Comment nous utilisons les cookies<\/h2>\n<p>Un cookie est un petit fichier qui demande la permission d&rsquo;\u00eatre plac\u00e9 sur le disque dur de votre ordinateur. Une fois que vous \u00eates d&rsquo;accord, le fichier est ajout\u00e9 et le cookie aide \u00e0 analyser le trafic web ou vous informe lorsque vous visitez un site particulier. Les cookies permettent aux applications web de vous r\u00e9pondre en tant qu&rsquo;individu. L&rsquo;application web peut adapter son fonctionnement \u00e0 vos besoins, vos go\u00fbts et vos aversions en recueillant et en m\u00e9morisant des informations sur vos pr\u00e9f\u00e9rences. Nous utilisons des cookies de journal de trafic pour identifier les pages qui sont utilis\u00e9es. Cela nous aide \u00e0 analyser les donn\u00e9es sur le trafic des pages web et \u00e0 am\u00e9liorer notre site web afin de l&rsquo;adapter aux besoins des clients. Nous n&rsquo;utilisons ces informations qu&rsquo;\u00e0 des fins d&rsquo;analyse statistique, puis les donn\u00e9es sont supprim\u00e9es du syst\u00e8me. Dans l&rsquo;ensemble, les cookies nous aident \u00e0 vous fournir un meilleur site web, en nous permettant de surveiller les pages que vous trouvez utiles et celles que vous ne trouvez pas. Un cookie ne nous donne en aucun cas acc\u00e8s \u00e0 votre ordinateur ou \u00e0 toute information vous concernant, autres que les donn\u00e9es que vous choisissez de partager avec nous. Vous pouvez choisir d&rsquo;accepter ou de refuser les cookies. La plupart des navigateurs web acceptent automatiquement les cookies, mais vous pouvez g\u00e9n\u00e9ralement modifier les param\u00e8tres de votre navigateur pour refuser les cookies si vous pr\u00e9f\u00e9rez. Cela peut vous emp\u00eacher de profiter pleinement du site web.<\/p>\n<h2>Liens vers d&rsquo;autres sites web<\/h2>\n<p>Notre site web peut contenir des liens vers d&rsquo;autres sites web d&rsquo;int\u00e9r\u00eat. Cependant, une fois que vous avez utilis\u00e9 ces liens pour quitter notre site, vous devez noter que nous n&rsquo;avons aucun contr\u00f4le sur cet autre site web. Par cons\u00e9quent, nous ne pouvons \u00eatre responsables de la protection et de la confidentialit\u00e9 des informations que vous fournissez lors de la visite de ces sites et ces sites ne sont pas r\u00e9gis par cette d\u00e9claration de confidentialit\u00e9. Vous devez faire preuve de prudence et consulter la d\u00e9claration de confidentialit\u00e9 applicable au site web en question.<\/p>\n<h2>Contr\u00f4le de vos informations personnelles<\/h2>\n<p>Vous pouvez choisir de restreindre la collecte ou l&rsquo;utilisation de vos informations personnelles de la mani\u00e8re suivante :<\/p>\n<ul>\n<li>Si vous avez pr\u00e9c\u00e9demment accept\u00e9 que nous utilisions vos informations personnelles \u00e0 des fins de marketing direct, vous pouvez changer d&rsquo;avis \u00e0 tout moment en nous \u00e9crivant ou en nous envoyant un courrier \u00e9lectronique.<\/li>\n<li>Nous ne vendrons, ne distribuerons ni ne louerons vos informations personnelles \u00e0 des tiers, sauf si nous avons votre permission ou si la loi nous y oblige.<\/li>\n<li>Vous pouvez demander des d\u00e9tails sur les informations personnelles que nous d\u00e9tenons \u00e0 votre sujet en vertu de la Loi sur la protection des donn\u00e9es. Si vous souhaitez obtenir une copie des informations d\u00e9tenues \u00e0 votre sujet, veuillez nous contacter.<\/li>\n<li>Si vous pensez que les informations que nous d\u00e9tenons \u00e0 votre sujet sont incorrectes ou incompl\u00e8tes, veuillez nous \u00e9crire ou nous envoyer un courrier \u00e9lectronique d\u00e8s que possible. Nous corrigerons rapidement toute information jug\u00e9e incorrecte.<\/li>\n<\/ul>\n<h2>Utilisation de Matomo<\/h2>\n<p>Nous utilisons Matomo pour analyser le trafic de notre site web. Matomo est une plateforme d&rsquo;analyse web open-source qui respecte votre vie priv\u00e9e. Les donn\u00e9es collect\u00e9es par Matomo sont h\u00e9berg\u00e9es sur nos propres serveurs et ne sont partag\u00e9es avec aucun tiers. Les donn\u00e9es collect\u00e9es par Matomo incluent :<\/p>\n<ul>\n<li>Votre adresse IP (anonymis\u00e9e avant d&rsquo;\u00eatre enregistr\u00e9e)<\/li>\n<li>Le type de navigateur que vous utilisez et sa version<\/li>\n<li>Le syst\u00e8me d&rsquo;exploitation que vous utilisez<\/li>\n<li>La date et l&rsquo;heure de votre visite<\/li>\n<li>Les pages que vous visitez sur notre site web<\/li>\n<li>Le temps que vous passez sur chaque page de notre site web<\/li>\n<li>Les liens sur lesquels vous cliquez<\/li>\n<\/ul>\n<p>Vous pouvez choisir de ne pas \u00eatre suivi par Matomo en d\u00e9sactivant les cookies dans les param\u00e8tres de votre navigateur.<\/p>\n<h2>Utilisation de Google Fonts<\/h2>\n<p>Nous utilisons Google Fonts pour afficher les polices de caract\u00e8res sur notre site web. Google Fonts est un service de Google Inc. (\u00ab\u00a0Google\u00a0\u00bb). L&rsquo;utilisation de Google Fonts est sans authentification et aucun cookie n&rsquo;est envoy\u00e9 \u00e0 l&rsquo;API Google Fonts. Si vous avez un compte Google, aucune de vos informations Google ne sera transmise \u00e0 Google lors de l&rsquo;utilisation de Google Fonts. Google enregistre l&rsquo;utilisation de CSS et des polices utilis\u00e9es et stocke ces donn\u00e9es de mani\u00e8re s\u00e9curis\u00e9e. Pour en savoir plus sur ces donn\u00e9es, consultez la page Google Privacy &amp; Terms.<\/p>\n<h2>Utilisation de Google reCAPTCHA<\/h2>\n<p>Nous utilisons Google reCAPTCHA pour v\u00e9rifier que les entr\u00e9es faites sur notre site web sont faites par un humain et non par un programme automatis\u00e9. Google reCAPTCHA est un service de Google Inc. (\u00ab\u00a0Google\u00a0\u00bb). L&rsquo;utilisation de Google reCAPTCHA est soumise \u00e0 la politique de confidentialit\u00e9 et aux conditions d&rsquo;utilisation de Google.<\/p>\n<h2>Utilisation de Google Maps<\/h2>\n<p>Nous utilisons Google Maps pour afficher les cartes interactives sur notre site web. Google Maps est un service de Google Inc. (\u00ab\u00a0Google\u00a0\u00bb). L&rsquo;utilisation de Google Maps est soumise \u00e0 la politique de confidentialit\u00e9 et aux conditions d&rsquo;utilisation de Google.<\/p>\n<h2>Responsable du traitement des donn\u00e9es<\/h2>\n<p>Le responsable du traitement des donn\u00e9es personnelles collect\u00e9es via ce site web est United Orthopedic Corporation. Si vous avez des questions ou des pr\u00e9occupations concernant la protection des donn\u00e9es, veuillez nous contacter \u00e0\u00a0<a href=\"mailto:be.service@unitedorthopedic.com\">be.service@unitedorthopedic.com<\/a>.<\/p>\n<h2>Base juridique du traitement<\/h2>\n<p>Nous traitons vos donn\u00e9es personnelles sur la base de votre consentement, conform\u00e9ment \u00e0 l&rsquo;article 6, paragraphe 1, point a), du r\u00e8glement g\u00e9n\u00e9ral sur la protection des donn\u00e9es (RGPD). Vous avez le droit de retirer votre consentement \u00e0 tout moment. Le retrait de votre consentement n&rsquo;affecte pas la l\u00e9galit\u00e9 du traitement effectu\u00e9 avant le retrait de votre consentement.<\/p>\n<h2>Dur\u00e9e de conservation<\/h2>\n<p>Nous conservons vos donn\u00e9es personnelles aussi longtemps que n\u00e9cessaire pour atteindre les objectifs pour lesquels elles ont \u00e9t\u00e9 collect\u00e9es, sauf si la loi exige une p\u00e9riode de conservation plus longue.<\/p>\n<h2>Vos droits<\/h2>\n<p>Vous avez le droit de demander l&rsquo;acc\u00e8s \u00e0 vos donn\u00e9es personnelles, la rectification ou l&rsquo;effacement de celles-ci, la limitation du traitement, l&rsquo;opposition au traitement et la portabilit\u00e9 des donn\u00e9es. Vous avez \u00e9galement le droit de d\u00e9poser une plainte aupr\u00e8s d&rsquo;une autorit\u00e9 de contr\u00f4le.<\/p>\n<h2>Modifications de cette politique de confidentialit\u00e9<\/h2>\n<p>Nous nous r\u00e9servons le droit de modifier cette politique de confidentialit\u00e9 de temps en temps. Les modifications seront publi\u00e9es sur cette page. Si les modifications sont importantes, nous vous en informerons par courrier \u00e9lectronique ou par un avis sur notre site web avant que les modifications ne prennent effet. Nous vous recommandons de consulter r\u00e9guli\u00e8rement cette page pour \u00eatre inform\u00e9 de toute mise \u00e0 jour de notre politique de confidentialit\u00e9.<\/p>\n<h2>Contact<\/h2>\n<p>Si vous avez des questions ou des pr\u00e9occupations concernant cette politique de confidentialit\u00e9 ou le traitement de vos donn\u00e9es personnelles, veuillez nous contacter \u00e0 <a href=\"mailto:be.service@unitedorthopedic.com\">be.service@unitedorthopedic.com<\/a>.<\/p>\n<\/div><\/section><\/p><\/div><\/div><\/div><\/main><!-- close content main element --><\/div><\/div><div id='after_section_1'  class='main_color av_default_container_wrap container_wrap sidebar_right'  ><div class='container av-section-cont-open' ><div class='template-page content  av-content-small alpha units'><div class='post-entry post-entry-type-page post-entry-5673'><div class='entry-content-wrapper clearfix'>\n","protected":false},"excerpt":{"rendered":"","protected":false},"author":1,"featured_media":0,"parent":0,"menu_order":0,"comment_status":"closed","ping_status":"closed","template":"","meta":{"_acf_changed":false,"footnotes":""},"acf":[],"yoast_head":"<!-- This site is optimized with the Yoast SEO plugin v22.6 - https:\/\/yoast.com\/wordpress\/plugins\/seo\/ -->\n<title>Politique de confidentialit\u00e9 | UOC Belgique<\/title>\n<meta name=\"robots\" content=\"index, follow, max-snippet:-1, max-image-preview:large, max-video-preview:-1\" \/>\n<link rel=\"canonical\" href=\"https:\/\/be.unitedorthopedic.com\/fr\/politique-de-confidentialite\/\" \/>\n<meta property=\"og:locale\" content=\"fr_FR\" \/>\n<meta property=\"og:type\" content=\"article\" \/>\n<meta property=\"og:title\" content=\"Politique de confidentialit\u00e9 | UOC Belgique\" \/>\n<meta property=\"og:url\" content=\"https:\/\/be.unitedorthopedic.com\/fr\/politique-de-confidentialite\/\" \/>\n<meta property=\"og:site_name\" content=\"UOC Belgique\" \/>\n<meta property=\"article:modified_time\" content=\"2024-05-07T07:40:55+00:00\" \/>\n<meta name=\"twitter:card\" content=\"summary_large_image\" \/>\n<meta name=\"twitter:label1\" content=\"Dur\u00e9e de lecture estim\u00e9e\" \/>\n\t<meta name=\"twitter:data1\" content=\"8 minutes\" \/>\n<script type=\"application\/ld+json\" class=\"yoast-schema-graph\">{\"@context\":\"https:\/\/schema.org\",\"@graph\":[{\"@type\":\"WebPage\",\"@id\":\"https:\/\/be.unitedorthopedic.com\/fr\/politique-de-confidentialite\/\",\"url\":\"https:\/\/be.unitedorthopedic.com\/fr\/politique-de-confidentialite\/\",\"name\":\"Politique de confidentialit\u00e9 | UOC Belgique\",\"isPartOf\":{\"@id\":\"https:\/\/be.unitedorthopedic.com\/fr\/#website\"},\"datePublished\":\"2023-09-01T07:11:29+00:00\",\"dateModified\":\"2024-05-07T07:40:55+00:00\",\"inLanguage\":\"fr-FR\",\"potentialAction\":[{\"@type\":\"ReadAction\",\"target\":[\"https:\/\/be.unitedorthopedic.com\/fr\/politique-de-confidentialite\/\"]}]},{\"@type\":\"WebSite\",\"@id\":\"https:\/\/be.unitedorthopedic.com\/fr\/#website\",\"url\":\"https:\/\/be.unitedorthopedic.com\/fr\/\",\"name\":\"UOC Belgique\",\"description\":\"UOC United Orthopedic Corporation Belgique\",\"potentialAction\":[{\"@type\":\"SearchAction\",\"target\":{\"@type\":\"EntryPoint\",\"urlTemplate\":\"https:\/\/be.unitedorthopedic.com\/fr\/?s={search_term_string}\"},\"query-input\":\"required name=search_term_string\"}],\"inLanguage\":\"fr-FR\"}]}<\/script>\n<!-- \/ Yoast SEO plugin. -->","yoast_head_json":{"title":"Politique de confidentialit\u00e9 | UOC Belgique","robots":{"index":"index","follow":"follow","max-snippet":"max-snippet:-1","max-image-preview":"max-image-preview:large","max-video-preview":"max-video-preview:-1"},"canonical":"https:\/\/be.unitedorthopedic.com\/fr\/politique-de-confidentialite\/","og_locale":"fr_FR","og_type":"article","og_title":"Politique de confidentialit\u00e9 | UOC Belgique","og_url":"https:\/\/be.unitedorthopedic.com\/fr\/politique-de-confidentialite\/","og_site_name":"UOC Belgique","article_modified_time":"2024-05-07T07:40:55+00:00","twitter_card":"summary_large_image","twitter_misc":{"Dur\u00e9e de lecture estim\u00e9e":"8 minutes"},"schema":{"@context":"https:\/\/schema.org","@graph":[{"@type":"WebPage","@id":"https:\/\/be.unitedorthopedic.com\/fr\/politique-de-confidentialite\/","url":"https:\/\/be.unitedorthopedic.com\/fr\/politique-de-confidentialite\/","name":"Politique de confidentialit\u00e9 | UOC Belgique","isPartOf":{"@id":"https:\/\/be.unitedorthopedic.com\/fr\/#website"},"datePublished":"2023-09-01T07:11:29+00:00","dateModified":"2024-05-07T07:40:55+00:00","inLanguage":"fr-FR","potentialAction":[{"@type":"ReadAction","target":["https:\/\/be.unitedorthopedic.com\/fr\/politique-de-confidentialite\/"]}]},{"@type":"WebSite","@id":"https:\/\/be.unitedorthopedic.com\/fr\/#website","url":"https:\/\/be.unitedorthopedic.com\/fr\/","name":"UOC Belgique","description":"UOC United Orthopedic Corporation Belgique","potentialAction":[{"@type":"SearchAction","target":{"@type":"EntryPoint","urlTemplate":"https:\/\/be.unitedorthopedic.com\/fr\/?s={search_term_string}"},"query-input":"required name=search_term_string"}],"inLanguage":"fr-FR"}]}},"publishpress_future_action":{"enabled":false,"date":"2026-04-15 09:37:33","action":"change-status","newStatus":"draft","terms":[],"taxonomy":"translation_priority"},"_links":{"self":[{"href":"https:\/\/be.unitedorthopedic.com\/fr\/wp-json\/wp\/v2\/pages\/5673"}],"collection":[{"href":"https:\/\/be.unitedorthopedic.com\/fr\/wp-json\/wp\/v2\/pages"}],"about":[{"href":"https:\/\/be.unitedorthopedic.com\/fr\/wp-json\/wp\/v2\/types\/page"}],"author":[{"embeddable":true,"href":"https:\/\/be.unitedorthopedic.com\/fr\/wp-json\/wp\/v2\/users\/1"}],"replies":[{"embeddable":true,"href":"https:\/\/be.unitedorthopedic.com\/fr\/wp-json\/wp\/v2\/comments?post=5673"}],"version-history":[{"count":0,"href":"https:\/\/be.unitedorthopedic.com\/fr\/wp-json\/wp\/v2\/pages\/5673\/revisions"}],"wp:attachment":[{"href":"https:\/\/be.unitedorthopedic.com\/fr\/wp-json\/wp\/v2\/media?parent=5673"}],"curies":[{"name":"wp","href":"https:\/\/api.w.org\/{rel}","templated":true}]}}